{"id":3473,"date":"2024-12-17T14:38:14","date_gmt":"2024-12-17T14:38:14","guid":{"rendered":"https:\/\/philanthropiegroup.com\/?page_id=3473"},"modified":"2025-06-20T11:23:34","modified_gmt":"2025-06-20T11:23:34","slug":"politica-de-privacidad","status":"publish","type":"page","link":"https:\/\/philanthropiegroup.com\/de\/politica-de-privacidad\/","title":{"rendered":"Pol\u00edtica de Privacidad"},"content":{"rendered":"\t\t<div data-elementor-type=\"wp-page\" data-elementor-id=\"3473\" class=\"elementor elementor-3473\" data-elementor-post-type=\"page\">\n\t\t\t\t<div class=\"elementor-element elementor-element-360a0467 e-con-full e-flex wpr-particle-no wpr-jarallax-no wpr-parallax-no wpr-sticky-section-no e-con e-parent\" data-id=\"360a0467\" data-element_type=\"container\" data-settings=\"{&quot;background_background&quot;:&quot;classic&quot;}\">\n\t\t<div class=\"elementor-element elementor-element-3bb6da5c e-con-full e-flex wpr-particle-no wpr-jarallax-no wpr-parallax-no wpr-sticky-section-no e-con e-child\" data-id=\"3bb6da5c\" data-element_type=\"container\">\n\t\t\t\t<div class=\"elementor-element elementor-element-2e1e4d6a elementor-widget elementor-widget-heading\" data-id=\"2e1e4d6a\" data-element_type=\"widget\" data-widget_type=\"heading.default\">\n\t\t\t\t<div class=\"elementor-widget-container\">\n\t\t\t\t\t<h1 class=\"elementor-heading-title elementor-size-default\">Pol\u00edtica de Privacidad<\/h1>\t\t\t\t<\/div>\n\t\t\t\t<\/div>\n\t\t\t\t<\/div>\n\t\t\t\t<\/div>\n\t\t<div class=\"elementor-element elementor-element-26103cca e-con-full e-flex wpr-particle-no wpr-jarallax-no wpr-parallax-no wpr-sticky-section-no e-con e-parent\" data-id=\"26103cca\" data-element_type=\"container\">\n\t\t\t\t<div class=\"elementor-element elementor-element-468870a3 elementor-widget elementor-widget-text-editor\" data-id=\"468870a3\" data-element_type=\"widget\" data-widget_type=\"text-editor.default\">\n\t\t\t\t<div class=\"elementor-widget-container\">\n\t\t\t\t\t\t\t\t\t<h2>\u00a0Privacy Policy<\/h2>\n<p><!-- \/wp:heading --><!-- wp:paragraph --><\/p>\n<p>De conformidad con lo establecido en la normativa vigente en Protecci\u00f3n de Datos de Car\u00e1cter Personal (Reglamento general de protecci\u00f3n de datos de la UE 2016\/679 y la Ley Org\u00e1nica 3\/2018), le informamos que:<\/p>\n<p>El Responsable de tratamiento es: <b>Philanthropie Stuttgart e.V. <\/b>con CIF 99059\/34166y domicilio social sito en Kirchstra\u00dfe 4, 70173 Stuttgart, Alemania.<\/p>\n<p>Sus datos ser\u00e1n incorporados al sistema de tratamiento titularidad de\u00a0\u00a0<span style=\"font-weight: bold;\">Philanthropie Stuttgart e.V.\u00a0<\/span>, con la finalidad de:<\/p>\n<div>\u00a0<\/div>\n<ul>\n<li>Atender sus consultas y remitirle la informaci\u00f3n que pueda ser de su inter\u00e9s (seg\u00fan el inter\u00e9s leg\u00edtimo establecido en el art. 6.1.a) del Reglamento general de protecci\u00f3n de datos)\u00a0<\/li>\n<li>Mantener y desarrollar la relaci\u00f3n que pueda establecerse con las ONG, suscriptores y asistentes a jornadas, enviar informaci\u00f3n acerca de las iniciativas, novedades y eventos que organice\u00a0\u00a0<span style=\"font-weight: bold;\">Philanthropie Stuttgart e.V.\u00a0<\/span>\u00a0y tratarlos para la elaboraci\u00f3n de documentos y memorias (seg\u00fan el inter\u00e9s leg\u00edtimo establecido en el art. 6.1.a) y 6.1.b) del Reglamento general de protecci\u00f3n de datos)<\/li>\n<li>Mantener y desarrollar la relaci\u00f3n que pueda establecerse con los donantes, empresas e instituciones p\u00fablicas, cumplir con las obligaciones legales establecidas y enviar informaci\u00f3n acerca de las iniciativas, novedades y eventos que organice\u00a0\u00a0<span style=\"font-weight: bold;\">Philanthropie Stuttgart e.V.\u00a0<\/span>\u00a0(seg\u00fan el inter\u00e9s leg\u00edtimo establecido en el art. 6.1.a) y 6.1.b) del Reglamento general de protecci\u00f3n de datos)<\/li>\n<\/ul>\n<p>En cumplimiento con la normativa vigente,\u00a0<span style=\"font-weight: bold;\">Philanthropie Stuttgart e.V.\u00a0<\/span>\u00a0informa que los datos ser\u00e1n conservados durante el plazo estrictamente necesario para cumplir con los preceptos mencionados con anterioridad.<\/p>\n<p>Mientras no nos comunique lo contrario, entenderemos que sus datos no han sido modificados, que usted se compromete a notificarnos cualquier variaci\u00f3n.<\/p>\n<p>En base al art\u00edculo 5 del RGPD, los datos personales ser\u00e1n:<\/p>\n<p>a) tratados de manera l\u00edcita, leal y transparente en relaci\u00f3n con el interesado (\u00ablicitud, lealtad y transparencia\u00bb);<\/p>\n<p>b) recogidos con fines determinados, expl\u00edcitos y leg\u00edtimos, y no ser\u00e1n tratados ulteriormente de manera incompatible con dichos fines; de acuerdo con el art\u00edculo 89, apartado 1, el tratamiento ulterior de los datos personales con fines de archivo en inter\u00e9s p\u00fablico, fines de investigaci\u00f3n cient\u00edfica e hist\u00f3rica o fines estad\u00edsticos no se considerar\u00e1 incompatible con los fines iniciales (\u00ablimitaci\u00f3n de la finalidad\u00bb);<\/p>\n<p>c) adecuados, pertinentes y limitados a lo necesario en relaci\u00f3n con los fines para los que son tratados (\u00abminimizaci\u00f3n de datos\u00bb);<\/p>\n<p>d) exactos y, si fuera necesario, actualizados; se adoptar\u00e1n todas las medidas razonables para que se supriman o rectifiquen sin dilaci\u00f3n los datos personales que sean inexactos con respecto a los fines para los que se tratan (\u00abexactitud\u00bb);<\/p>\n<p>e) mantenidos de forma que se permita la identificaci\u00f3n de los interesados durante no m\u00e1s tiempo del necesario para los fines del tratamiento de los datos personales; los datos personales podr\u00e1n conservarse durante per\u00edodos m\u00e1s largos siempre que se traten exclusivamente con fines de archivo en inter\u00e9s p\u00fablico, fines de investigaci\u00f3n cient\u00edfica o hist\u00f3rica o fines estad\u00edsticos, de conformidad con el art\u00edculo 89, apartado 1, sin perjuicio de la aplicaci\u00f3n de las medidas t\u00e9cnicas y organizativas apropiadas que impone el presente Reglamento a fin de proteger los derechos y libertades del interesado (\u00ablimitaci\u00f3n del plazo de conservaci\u00f3n\u00bb);<\/p>\n<p>f) tratados de tal manera que se garantice una seguridad adecuada de los datos personales, incluida la protecci\u00f3n contra el tratamiento no autorizado o il\u00edcito y contra su p\u00e9rdida, destrucci\u00f3n o da\u00f1o accidental, mediante la aplicaci\u00f3n de medidas t\u00e9cnicas u organizativas apropiadas (\u00abintegridad y confidencialidad\u00bb).<\/p>\n<p>Es por ello que\u00a0\u00a0<span style=\"font-weight: bold;\">Philanthropie Stuttgart e.V.\u00a0<\/span>\u00a0se compromete a adoptar todas las medidas razonables para que estos se supriman o rectifiquen sin dilaci\u00f3n cuando sean inexactos.<\/p>\n<p>De acuerdo con los derechos que le confiere el la normativa vigente en protecci\u00f3n de datos podr\u00e1 ejercer los derechos de acceso, rectificaci\u00f3n, limitaci\u00f3n de tratamiento, supresi\u00f3n, portabilidad y oposici\u00f3n al tratamiento de sus datos de car\u00e1cter personal as\u00ed como del consentimiento prestado para el tratamiento de los mismos, dirigiendo su petici\u00f3n a la direcci\u00f3n postal indicada m\u00e1s arriba o al correo electr\u00f3nico <a href=\"mailto:info@philantropie.com\">info@philantropie.com<\/a><\/p>\n<p>Asimismo, le informamos que podr\u00e1 revocar en cualquier momento el consentimiento prestado, cancelando su suscripci\u00f3n al Newsletter, enviando un e-mail a la direcci\u00f3n de correo electr\u00f3nico <a href=\"mailto:info@philantropie.com\">info@philantropie.com<\/a><\/p>\n<p>La confirmaci\u00f3n de la suscripci\u00f3n implica la aceptaci\u00f3n de esta cl\u00e1usula.<\/p>\n<p>Tus datos podr\u00e1n ser cedidos a los destinatarios, siendo estos proveedores que precisen acceder a los datos para la prestaci\u00f3n de servicios que Fundaci\u00f3n Lealtad haya contratado a dichos proveedores, y con los cuales Fundaci\u00f3n Lealtad tiene suscritos los contratos de confidencialidad y de tratamiento de datos personales necesarios y exigidos por la normativa para proteger su privacidad.<\/p>\n<p>Podr\u00e1 dirigirse a la Autoridad de Control competente para presentar la reclamaci\u00f3n que considere oportuna.<\/p>\n<h2><b>Pol\u00edtica de Privacidad de redes sociales<\/b><\/h2>\n<p>En cumplimiento de la legislaci\u00f3n vigente y aplicable de Protecci\u00f3n de Datos y la Ley 34\/2002, de 11 de julio, de Servicios de la Sociedad de la Informaci\u00f3n y de Comercio Electr\u00f3nico (LSSI-CE),\u00a0\u00a0<span style=\"font-weight: bold;\">Philanthropie Stuttgart e.V.\u00a0\u00a0<\/span>informa a los usuarios, que ha procedido a crear un perfil en la\/s Red\/es Social\/es Twitter, YouTube, LinkedIn e Instagram, con la finalidad principal de publicitar sus servicios.<\/p>\n<p>Datos de\u00a0\u00a0<span style=\"font-weight: bold;\">Philanthropie Stuttgart e.V.\u00a0<\/span>:<br \/>CIF: 000000000<br \/>DIRECCI\u00d3N: Plaza de Manuel Becerra, 16, 5\u00ba Izda. 28028 Madrid<br \/>CORREO ELECTR\u00d3NICO: <a href=\"mailto:info@philantropie.com\">info@philantropie.com<\/a><br \/>DOMINIO WEB:\u00a0<a href=\"https:\/\/philanthropiegroup.com\/\" target=\"_blank\" rel=\"noopener\">https:\/\/philanthropiegroup.com<\/a><\/p>\n<p>El usuario dispone de un perfil en la misma Red Social y ha decidido unirse a la p\u00e1gina creada por\u00a0\u00a0<span style=\"font-weight: bold;\">Philanthropie Stuttgart e.V.\u00a0<\/span>, mostrando as\u00ed inter\u00e9s en la informaci\u00f3n que se publicite en la Red. Al unirse a nuestra p\u00e1gina, nos facilita su consentimiento para el tratamiento de aquellos datos personales publicados en su perfil.<\/p>\n<p>El usuario puede acceder en todo momento a las pol\u00edticas de privacidad de la propia Red Social, as\u00ed como configurar su perfil para garantizar su privacidad.<\/p>\n<p><span style=\"color: var( --e-global-color-text ); font-family: var( --e-global-typography-text-font-family ), Sans-serif; font-weight: var( --e-global-typography-text-font-weight ); text-align: var(--text-align); background-color: var(--ast-global-color-5); font-size: 1rem;\">\u00a0<\/span><span style=\"color: var( --e-global-color-text ); font-family: var( --e-global-typography-text-font-family ), Sans-serif; text-align: var(--text-align); background-color: var(--ast-global-color-5); font-size: 1rem; font-weight: bold;\">Philanthropie Stuttgart e.V.\u00a0<\/span>\u00a0tiene acceso y trata aquella informaci\u00f3n p\u00fablica del usuario, en especial, su nombre de contacto. Estos datos son incorporados en nuestra base de datos.<\/p>\n<p>En relaci\u00f3n a los derechos de acceso, rectificaci\u00f3n, limitaci\u00f3n de tratamiento, supresi\u00f3n, portabilidad y oposici\u00f3n al tratamiento de sus datos de car\u00e1cter personal, de los que usted dispone y que pueden ser ejercitados ante\u00a0\u00a0<span style=\"font-weight: bold;\">Philanthropie Stuttgart e.V.\u00a0<\/span>, de acuerdo con la legislaci\u00f3n vigente y aplicable de Protecci\u00f3n de Datos:<\/p>\n<p><span style=\"color: var( --e-global-color-text ); font-family: var( --e-global-typography-text-font-family ), Sans-serif; font-weight: var( --e-global-typography-text-font-weight ); text-align: var(--text-align); background-color: var(--ast-global-color-5); font-size: 1rem;\">\u00a0<\/span><span style=\"color: var( --e-global-color-text ); font-family: var( --e-global-typography-text-font-family ), Sans-serif; text-align: var(--text-align); background-color: var(--ast-global-color-5); font-size: 1rem; font-weight: bold;\">Philanthropie Stuttgart e.V.\u00a0<\/span>\u00a0realizar\u00e1 las siguientes actuaciones:<\/p>\n<ul>\n<li>Acceso a la informaci\u00f3n p\u00fablica del perfil.<\/li>\n<li>Publicaci\u00f3n en el perfil del usuario de informaci\u00f3n de\u00a0\u00a0<span style=\"font-weight: bold;\">Philanthropie Stuttgart e.V.\u00a0<\/span>.<\/li>\n<li>Enviar mensajes personales e individuales a trav\u00e9s de los canales de la Red Social.<\/li>\n<li>Actualizaciones del estado de la p\u00e1gina que se publicar\u00e1n en el perfil del usuario.<\/li>\n<li>El usuario siempre puede controlar sus conexiones, eliminar los contenidos que dejen de interesarle y restringir con qui\u00e9n comparte sus conexiones, para ello deber\u00e1 acceder a su configuraci\u00f3n de privacidad.<\/li>\n<\/ul>\n<p><strong>Publicaciones<\/strong><br \/>El usuario, una vez unido a la p\u00e1gina de F\u00a0<span style=\"font-weight: bold;\">Philanthropie Stuttgart e.V.\u00a0<\/span>, podr\u00e1 publicar en \u00e9sta \u00faltima comentarios, enlaces, im\u00e1genes o fotograf\u00edas o cualquier otro tipo de contenido multimedia soportado por la Red Social. El usuario, en todos los casos, debe ser el titular de los mismos, gozar de los derechos de autor y de propiedad intelectual o contar con el consentimiento de los terceros afectados. Se proh\u00edbe expresamente cualquier publicaci\u00f3n en la p\u00e1gina, ya sean textos, gr\u00e1ficos, fotograf\u00edas, v\u00eddeos, etc. que atenten o sean susceptibles de atentar contra la moral, la \u00e9tica, el buen gusto o el decoro, y\/o que infrinjan, violen o quebranten los derechos de propiedad intelectual o industrial, el derecho a la imagen o la Ley. En estos casos,\u00a0\u00a0<span style=\"font-weight: bold;\">Philanthropie Stuttgart e.V.\u00a0\u00a0<\/span>se reserva el derecho a retirar de inmediato el contenido, pudiendo solicitar el bloqueo permanente del usuario.<\/p>\n<p><span style=\"color: var( --e-global-color-text ); font-family: var( --e-global-typography-text-font-family ), Sans-serif; font-weight: var( --e-global-typography-text-font-weight ); text-align: var(--text-align); background-color: var(--ast-global-color-5); font-size: 1rem;\">\u00a0<\/span><span style=\"color: var( --e-global-color-text ); font-family: var( --e-global-typography-text-font-family ), Sans-serif; text-align: var(--text-align); background-color: var(--ast-global-color-5); font-size: 1rem; font-weight: bold;\">Philanthropie Stuttgart e.V.\u00a0<\/span>\u00a0no se har\u00e1 responsable de los contenidos que libremente ha publicado un usuario. El usuario debe tener presente que sus publicaciones ser\u00e1n conocidas por los otros usuarios, por lo que \u00e9l mismo es el principal responsable de su privacidad.<\/p>\n<p><strong>Publicidad<\/strong><br \/>\u00a0<span style=\"font-weight: bold;\">Philanthropie Stuttgart e.V.\u00a0<\/span>\u00a0podr\u00e1 utilizar la Red Social para publicitarse, en todo caso, cumpliendo con las exigencias legales de la legislaci\u00f3n vigente y aplicable de Protecci\u00f3n de Datos y de la LSSI-CE.<br \/>No se considerar\u00e1 publicidad el hecho de recomendar a otros usuarios la p\u00e1gina de\u00a0\u00a0<span style=\"font-weight: bold;\">Philanthropie Stuttgart e.V.\u00a0<\/span>\u00a0para que tambi\u00e9n ellos puedan disfrutar de las promociones o estar informados de su actividad.<\/p>\n<p>A continuaci\u00f3n detallamos el enlace a la pol\u00edtica de privacidad de la Red Social:<\/p>\n<p><!-- \/wp:paragraph --><\/p>\t\t\t\t\t\t\t\t<\/div>\n\t\t\t\t<\/div>\n\t\t\t\t<\/div>\n\t\t\t\t<\/div>\n\t\t","protected":false},"excerpt":{"rendered":"<p>Pol\u00edtica de Privacidad \u00a0Privacy Policy De conformidad con lo establecido en la normativa vigente en Protecci\u00f3n de Datos de Car\u00e1cter Personal (Reglamento general de protecci\u00f3n de datos de la UE 2016\/679 y la Ley Org\u00e1nica 3\/2018), le informamos que: El Responsable de tratamiento es: Philanthropie Stuttgart e.V. con CIF 99059\/34166y domicilio social sito en Kirchstra\u00dfe 4, 70173 Stuttgart, Alemania. Sus datos ser\u00e1n incorporados al sistema de tratamiento titularidad de\u00a0\u00a0Philanthropie Stuttgart e.V.\u00a0, con la finalidad de: \u00a0 Atender sus consultas y remitirle la informaci\u00f3n que pueda ser de su inter\u00e9s (seg\u00fan el inter\u00e9s leg\u00edtimo establecido en el art. 6.1.a) del Reglamento general de protecci\u00f3n de datos)\u00a0 Mantener y desarrollar la relaci\u00f3n que pueda establecerse con las ONG, suscriptores y asistentes a jornadas, enviar informaci\u00f3n acerca de las iniciativas, novedades y eventos que organice\u00a0\u00a0Philanthropie Stuttgart e.V.\u00a0\u00a0y tratarlos para la elaboraci\u00f3n de documentos y memorias (seg\u00fan el inter\u00e9s leg\u00edtimo establecido en el art. 6.1.a) y 6.1.b) del Reglamento general de protecci\u00f3n de datos) Mantener y desarrollar la relaci\u00f3n que pueda establecerse con los donantes, empresas e instituciones p\u00fablicas, cumplir con las obligaciones legales establecidas y enviar informaci\u00f3n acerca de las iniciativas, novedades y eventos que organice\u00a0\u00a0Philanthropie Stuttgart e.V.\u00a0\u00a0(seg\u00fan el inter\u00e9s leg\u00edtimo establecido en el art. 6.1.a) y 6.1.b) del Reglamento general de protecci\u00f3n de datos) En cumplimiento con la normativa vigente,\u00a0Philanthropie Stuttgart e.V.\u00a0\u00a0informa que los datos ser\u00e1n conservados durante el plazo estrictamente necesario para cumplir con los preceptos mencionados con anterioridad. Mientras no nos comunique lo contrario, entenderemos que sus datos no han sido modificados, que usted se compromete a notificarnos cualquier variaci\u00f3n. En base al art\u00edculo 5 del RGPD, los datos personales ser\u00e1n: a) tratados de manera l\u00edcita, leal y transparente en relaci\u00f3n con el interesado (\u00ablicitud, lealtad y transparencia\u00bb); b) recogidos con fines determinados, expl\u00edcitos y leg\u00edtimos, y no ser\u00e1n tratados ulteriormente de manera incompatible con dichos fines; de acuerdo con el art\u00edculo 89, apartado 1, el tratamiento ulterior de los datos personales con fines de archivo en inter\u00e9s p\u00fablico, fines de investigaci\u00f3n cient\u00edfica e hist\u00f3rica o fines estad\u00edsticos no se considerar\u00e1 incompatible con los fines iniciales (\u00ablimitaci\u00f3n de la finalidad\u00bb); c) adecuados, pertinentes y limitados a lo necesario en relaci\u00f3n con los fines para los que son tratados (\u00abminimizaci\u00f3n de datos\u00bb); d) exactos y, si fuera necesario, actualizados; se adoptar\u00e1n todas las medidas razonables para que se supriman o rectifiquen sin dilaci\u00f3n los datos personales que sean inexactos con respecto a los fines para los que se tratan (\u00abexactitud\u00bb); e) mantenidos de forma que se permita la identificaci\u00f3n de los interesados durante no m\u00e1s tiempo del necesario para los fines del tratamiento de los datos personales; los datos personales podr\u00e1n conservarse durante per\u00edodos m\u00e1s largos siempre que se traten exclusivamente con fines de archivo en inter\u00e9s p\u00fablico, fines de investigaci\u00f3n cient\u00edfica o hist\u00f3rica o fines estad\u00edsticos, de conformidad con el art\u00edculo 89, apartado 1, sin perjuicio de la aplicaci\u00f3n de las medidas t\u00e9cnicas y organizativas apropiadas que impone el presente Reglamento a fin de proteger los derechos y libertades del interesado (\u00ablimitaci\u00f3n del plazo de conservaci\u00f3n\u00bb); f) tratados de tal manera que se garantice una seguridad adecuada de los datos personales, incluida la protecci\u00f3n contra el tratamiento no autorizado o il\u00edcito y contra su p\u00e9rdida, destrucci\u00f3n o da\u00f1o accidental, mediante la aplicaci\u00f3n de medidas t\u00e9cnicas u organizativas apropiadas (\u00abintegridad y confidencialidad\u00bb). Es por ello que\u00a0\u00a0Philanthropie Stuttgart e.V.\u00a0\u00a0se compromete a adoptar todas las medidas razonables para que estos se supriman o rectifiquen sin dilaci\u00f3n cuando sean inexactos. De acuerdo con los derechos que le confiere el la normativa vigente en protecci\u00f3n de datos podr\u00e1 ejercer los derechos de acceso, rectificaci\u00f3n, limitaci\u00f3n de tratamiento, supresi\u00f3n, portabilidad y oposici\u00f3n al tratamiento de sus datos de car\u00e1cter personal as\u00ed como del consentimiento prestado para el tratamiento de los mismos, dirigiendo su petici\u00f3n a la direcci\u00f3n postal indicada m\u00e1s arriba o al correo electr\u00f3nico info@philantropie.com Asimismo, le informamos que podr\u00e1 revocar en cualquier momento el consentimiento prestado, cancelando su suscripci\u00f3n al Newsletter, enviando un e-mail a la direcci\u00f3n de correo electr\u00f3nico info@philantropie.com La confirmaci\u00f3n de la suscripci\u00f3n implica la aceptaci\u00f3n de esta cl\u00e1usula. Tus datos podr\u00e1n ser cedidos a los destinatarios, siendo estos proveedores que precisen acceder a los datos para la prestaci\u00f3n de servicios que Fundaci\u00f3n Lealtad haya contratado a dichos proveedores, y con los cuales Fundaci\u00f3n Lealtad tiene suscritos los contratos de confidencialidad y de tratamiento de datos personales necesarios y exigidos por la normativa para proteger su privacidad. Podr\u00e1 dirigirse a la Autoridad de Control competente para presentar la reclamaci\u00f3n que considere oportuna. Pol\u00edtica de Privacidad de redes sociales En cumplimiento de la legislaci\u00f3n vigente y aplicable de Protecci\u00f3n de Datos y la Ley 34\/2002, de 11 de julio, de Servicios de la Sociedad de la Informaci\u00f3n y de Comercio Electr\u00f3nico (LSSI-CE),\u00a0\u00a0Philanthropie Stuttgart e.V.\u00a0\u00a0informa a los usuarios, que ha procedido a crear un perfil en la\/s Red\/es Social\/es Twitter, YouTube, LinkedIn e Instagram, con la finalidad principal de publicitar sus servicios. Datos de\u00a0\u00a0Philanthropie Stuttgart e.V.\u00a0:CIF: 000000000DIRECCI\u00d3N: Plaza de Manuel Becerra, 16, 5\u00ba Izda. 28028 MadridCORREO ELECTR\u00d3NICO: info@philantropie.comDOMINIO WEB:\u00a0https:\/\/philanthropiegroup.com El usuario dispone de un perfil en la misma Red Social y ha decidido unirse a la p\u00e1gina creada por\u00a0\u00a0Philanthropie Stuttgart e.V.\u00a0, mostrando as\u00ed inter\u00e9s en la informaci\u00f3n que se publicite en la Red. Al unirse a nuestra p\u00e1gina, nos facilita su consentimiento para el tratamiento de aquellos datos personales publicados en su perfil. El usuario puede acceder en todo momento a las pol\u00edticas de privacidad de la propia Red Social, as\u00ed como configurar su perfil para garantizar su privacidad. \u00a0Philanthropie Stuttgart e.V.\u00a0\u00a0tiene acceso y trata aquella informaci\u00f3n p\u00fablica del usuario, en especial, su nombre de contacto. Estos datos son incorporados en nuestra base de datos. En relaci\u00f3n a los derechos de acceso, rectificaci\u00f3n, limitaci\u00f3n de tratamiento, supresi\u00f3n, portabilidad y oposici\u00f3n al tratamiento de sus datos de car\u00e1cter personal, de los que usted dispone y que pueden ser ejercitados ante\u00a0\u00a0Philanthropie Stuttgart e.V.\u00a0, de acuerdo con la legislaci\u00f3n vigente y aplicable de Protecci\u00f3n de Datos: \u00a0Philanthropie Stuttgart e.V.\u00a0\u00a0realizar\u00e1 las siguientes actuaciones: Acceso a la<\/p>\n","protected":false},"author":1,"featured_media":0,"parent":0,"menu_order":0,"comment_status":"closed","ping_status":"closed","template":"","meta":{"site-sidebar-layout":"no-sidebar","site-content-layout":"page-builder","ast-site-content-layout":"full-width-container","site-content-style":"default","site-sidebar-style":"default","ast-global-header-display":"","ast-banner-title-visibility":"","ast-main-header-display":"","ast-hfb-above-header-display":"","ast-hfb-below-header-display":"","ast-hfb-mobile-header-display":"","site-post-title":"disabled","ast-breadcrumbs-content":"","ast-featured-img":"disabled","footer-sml-layout":"","theme-transparent-header-meta":"","adv-header-id-meta":"","stick-header-meta":"","header-above-stick-meta":"","header-main-stick-meta":"","header-below-stick-meta":"","astra-migrate-meta-layouts":"default","ast-page-background-enabled":"default","ast-page-background-meta":{"desktop":{"background-color":"","background-image":"","background-repeat":"repeat","background-position":"center center","background-size":"auto","background-attachment":"scroll","background-type":"","background-media":"","overlay-type":"","overlay-color":"","overlay-opacity":"","overlay-gradient":""},"tablet":{"background-color":"","background-image":"","background-repeat":"repeat","background-position":"center center","background-size":"auto","background-attachment":"scroll","background-type":"","background-media":"","overlay-type":"","overlay-color":"","overlay-opacity":"","overlay-gradient":""},"mobile":{"background-color":"","background-image":"","background-repeat":"repeat","background-position":"center center","background-size":"auto","background-attachment":"scroll","background-type":"","background-media":"","overlay-type":"","overlay-color":"","overlay-opacity":"","overlay-gradient":""}},"ast-content-background-meta":{"desktop":{"background-color":"var(--ast-global-color-5)","background-image":"","background-repeat":"repeat","background-position":"center center","background-size":"auto","background-attachment":"scroll","background-type":"","background-media":"","overlay-type":"","overlay-color":"","overlay-opacity":"","overlay-gradient":""},"tablet":{"background-color":"var(--ast-global-color-5)","background-image":"","background-repeat":"repeat","background-position":"center center","background-size":"auto","background-attachment":"scroll","background-type":"","background-media":"","overlay-type":"","overlay-color":"","overlay-opacity":"","overlay-gradient":""},"mobile":{"background-color":"var(--ast-global-color-5)","background-image":"","background-repeat":"repeat","background-position":"center center","background-size":"auto","background-attachment":"scroll","background-type":"","background-media":"","overlay-type":"","overlay-color":"","overlay-opacity":"","overlay-gradient":""}},"footnotes":""},"class_list":["post-3473","page","type-page","status-publish","hentry"],"_links":{"self":[{"href":"https:\/\/philanthropiegroup.com\/de\/wp-json\/wp\/v2\/pages\/3473","targetHints":{"allow":["GET"]}}],"collection":[{"href":"https:\/\/philanthropiegroup.com\/de\/wp-json\/wp\/v2\/pages"}],"about":[{"href":"https:\/\/philanthropiegroup.com\/de\/wp-json\/wp\/v2\/types\/page"}],"author":[{"embeddable":true,"href":"https:\/\/philanthropiegroup.com\/de\/wp-json\/wp\/v2\/users\/1"}],"replies":[{"embeddable":true,"href":"https:\/\/philanthropiegroup.com\/de\/wp-json\/wp\/v2\/comments?post=3473"}],"version-history":[{"count":9,"href":"https:\/\/philanthropiegroup.com\/de\/wp-json\/wp\/v2\/pages\/3473\/revisions"}],"predecessor-version":[{"id":4120,"href":"https:\/\/philanthropiegroup.com\/de\/wp-json\/wp\/v2\/pages\/3473\/revisions\/4120"}],"wp:attachment":[{"href":"https:\/\/philanthropiegroup.com\/de\/wp-json\/wp\/v2\/media?parent=3473"}],"curies":[{"name":"wp","href":"https:\/\/api.w.org\/{rel}","templated":true}]}}