{"id":3459,"date":"2024-12-17T14:17:17","date_gmt":"2024-12-17T14:17:17","guid":{"rendered":"https:\/\/philanthropiegroup.com\/?page_id=3459"},"modified":"2025-06-27T06:14:03","modified_gmt":"2025-06-27T06:14:03","slug":"haz-una-donacion","status":"publish","type":"page","link":"https:\/\/philanthropiegroup.com\/de\/haz-una-donacion\/","title":{"rendered":"H\u00e1z una donaci\u00f3n"},"content":{"rendered":"\t\t<div data-elementor-type=\"wp-page\" data-elementor-id=\"3459\" class=\"elementor elementor-3459\" data-elementor-post-type=\"page\">\n\t\t\t\t<div class=\"elementor-element elementor-element-79129055 e-flex e-con-boxed wpr-particle-no wpr-jarallax-no wpr-parallax-no wpr-sticky-section-no e-con e-parent\" data-id=\"79129055\" data-element_type=\"container\" data-settings=\"{&quot;background_background&quot;:&quot;classic&quot;}\">\n\t\t\t\t\t<div class=\"e-con-inner\">\n\t\t<div class=\"elementor-element elementor-element-1ebf258e e-con-full e-flex wpr-particle-no wpr-jarallax-no wpr-parallax-no wpr-sticky-section-no e-con e-child\" data-id=\"1ebf258e\" data-element_type=\"container\">\n\t\t\t\t<div class=\"elementor-element elementor-element-18fb6ecb elementor-widget elementor-widget-heading\" data-id=\"18fb6ecb\" data-element_type=\"widget\" data-widget_type=\"heading.default\">\n\t\t\t\t<div class=\"elementor-widget-container\">\n\t\t\t\t\t<h5 class=\"elementor-heading-title elementor-size-default\">H\u00e1z una donaci\u00f3n<\/h5>\t\t\t\t<\/div>\n\t\t\t\t<\/div>\n\t\t\t\t<div class=\"elementor-element elementor-element-77092d94 elementor-widget elementor-widget-heading\" data-id=\"77092d94\" data-element_type=\"widget\" data-widget_type=\"heading.default\">\n\t\t\t\t<div class=\"elementor-widget-container\">\n\t\t\t\t\t<h1 class=\"elementor-heading-title elementor-size-default\">Tu apoyo puede marcar la diferencia en la vida de muchas personas. \n<\/h1>\t\t\t\t<\/div>\n\t\t\t\t<\/div>\n\t\t\t\t<div class=\"elementor-element elementor-element-829d6c5 elementor-widget elementor-widget-heading\" data-id=\"829d6c5\" data-element_type=\"widget\" data-widget_type=\"heading.default\">\n\t\t\t\t<div class=\"elementor-widget-container\">\n\t\t\t\t\t<h4 class=\"elementor-heading-title elementor-size-default\">\u00a1Invol\u00facrate y ayuda a construir un futuro mejor<\/h4>\t\t\t\t<\/div>\n\t\t\t\t<\/div>\n\t\t\t\t<\/div>\n\t\t\t\t\t<\/div>\n\t\t\t\t<\/div>\n\t\t\t\t<section class=\"elementor-section elementor-top-section elementor-element elementor-element-uoo02g6 elementor-section-full_width elementor-section-content-bottom elementor-section-height-default elementor-section-height-default wpr-particle-no wpr-jarallax-no wpr-parallax-no wpr-sticky-section-no\" data-id=\"uoo02g6\" data-element_type=\"section\" data-settings=\"{&quot;background_background&quot;:&quot;classic&quot;}\">\n\t\t\t\t\t\t<div class=\"elementor-container elementor-column-gap-no\">\n\t\t\t\t\t<div class=\"elementor-column elementor-col-50 elementor-top-column elementor-element elementor-element-ecb87e6\" data-id=\"ecb87e6\" data-element_type=\"column\">\n\t\t\t<div class=\"elementor-widget-wrap elementor-element-populated\">\n\t\t\t\t\t\t<section class=\"elementor-section elementor-inner-section elementor-element elementor-element-35f5cd8 elementor-reverse-tablet elementor-reverse-mobile elementor-section-boxed elementor-section-height-default elementor-section-height-default wpr-particle-no wpr-jarallax-no wpr-parallax-no wpr-sticky-section-no\" data-id=\"35f5cd8\" data-element_type=\"section\">\n\t\t\t\t\t\t<div class=\"elementor-container elementor-column-gap-default\">\n\t\t\t\t\t<div class=\"elementor-column elementor-col-100 elementor-inner-column elementor-element elementor-element-8dc1358\" data-id=\"8dc1358\" data-element_type=\"column\">\n\t\t\t<div class=\"elementor-widget-wrap elementor-element-populated\">\n\t\t\t\t\t\t<div class=\"elementor-element elementor-element-900c689 elementor-widget__width-initial elementor-widget elementor-widget-heading\" data-id=\"900c689\" data-element_type=\"widget\" data-widget_type=\"heading.default\">\n\t\t\t\t<div class=\"elementor-widget-container\">\n\t\t\t\t\t<h1 class=\"elementor-heading-title elementor-size-default\">\u201cUn peque\u00f1o gesto puede tener un gran impacto.\u201d<\/h1>\t\t\t\t<\/div>\n\t\t\t\t<\/div>\n\t\t\t\t<div class=\"elementor-element elementor-element-c9f01fa elementor-widget elementor-widget-text-editor\" data-id=\"c9f01fa\" data-element_type=\"widget\" data-widget_type=\"text-editor.default\">\n\t\t\t\t<div class=\"elementor-widget-container\">\n\t\t\t\t\t\t\t\t\t<p>Para donaciones, los detalles de nuestra cuenta bancaria son:<\/p><p><strong>PhilanthropieGroup e.V.<\/strong><br \/><strong>IBAN<\/strong>: DE95 6009 0100 0759 9570 02<br \/><strong>BIC<\/strong>: VOBADESS<\/p><p>Si vives en Alemania y nos proporcionas tu direcci\u00f3n en la transacci\u00f3n bancaria, podemos enviarte una confirmaci\u00f3n de donaci\u00f3n para que la deduzcas de tus\u00a0 impuestos.<\/p><p>\u00a1Gracias por su apoyo y generosidad!<\/p>\t\t\t\t\t\t\t\t<\/div>\n\t\t\t\t<\/div>\n\t\t\t\t<div class=\"elementor-element elementor-element-c0f328a elementor-widget elementor-widget-paypal-button\" data-id=\"c0f328a\" data-element_type=\"widget\" data-settings=\"{&quot;merchant_account&quot;:&quot;simple&quot;}\" data-widget_type=\"paypal-button.default\">\n\t\t\t\t<div class=\"elementor-widget-container\">\n\t\t\t\t\t\t\t\t\t<div class=\"elementor-button-wrapper\">\n\t\t\t\t\t\t\t<form action=\"https:\/\/www.paypal.com\/cgi-bin\/webscr\" method=\"post\" target=\"_blank\">\n\t\t\t<input type=\"hidden\" name=\"cmd\" value=\"_donations\" \/>\n\t\t\t<input type=\"hidden\" name=\"business\" value=\"https:\/\/www.paypal.me\/CristinaCastro477\" \/>\n\t\t\t<input type=\"hidden\" name=\"lc\" value=\"US\" \/>\n\t\t\t<input type=\"hidden\" name=\"item_name\" value=\"DONAR\" \/>\n\t\t\t<input type=\"hidden\" name=\"item_number\" value=\"DONAR\" \/>\n\t\t\t<input type=\"hidden\" name=\"currency_code\" value=\"EUR\" \/>\n\t\t\t<input type=\"hidden\" name=\"amount\" value=\"1\" \/>\n\t\t\t<input type=\"hidden\" name=\"no_note\" value=\"1\">\n\n\t\t\t\t\t<button class=\"elementor-button elementor-size-sm elementor-paypal-legacy elementor-payment-button\" role=\"button\" id=\"DONAR\" type=\"submit\">\n\t\t\t\t\t<span class=\"elementor-button-content-wrapper\">\n\t\t\t\t\t\t<span class=\"elementor-button-icon\">\n\t\t\t\t<svg aria-hidden=\"true\" class=\"e-font-icon-svg e-fab-paypal\" viewBox=\"0 0 384 512\" xmlns=\"http:\/\/www.w3.org\/2000\/svg\"><path d=\"M111.4 295.9c-3.5 19.2-17.4 108.7-21.5 134-.3 1.8-1 2.5-3 2.5H12.3c-7.6 0-13.1-6.6-12.1-13.9L58.8 46.6c1.5-9.6 10.1-16.9 20-16.9 152.3 0 165.1-3.7 204 11.4 60.1 23.3 65.6 79.5 44 140.3-21.5 62.6-72.5 89.5-140.1 90.3-43.4.7-69.5-7-75.3 24.2zM357.1 152c-1.8-1.3-2.5-1.8-3 1.3-2 11.4-5.1 22.5-8.8 33.6-39.9 113.8-150.5 103.9-204.5 103.9-6.1 0-10.1 3.3-10.9 9.4-22.6 140.4-27.1 169.7-27.1 169.7-1 7.1 3.5 12.9 10.6 12.9h63.5c8.6 0 15.7-6.3 17.4-14.9.7-5.4-1.1 6.1 14.4-91.3 4.6-22 14.3-19.7 29.3-19.7 71 0 126.4-28.8 142.9-112.3 6.5-34.8 4.6-71.4-23.8-92.6z\"><\/path><\/svg>\t\t\t<\/span>\n\t\t\t\t\t\t\t\t\t<span class=\"elementor-button-text\">DONAR<\/span>\n\t\t\t\t\t<\/span>\n\t\t\t\t<\/button>\n\t\t\t\t<\/form>\n\t\t\t\t\t\t<\/div>\n\t\t\t\t\t\t\t\t<\/div>\n\t\t\t\t<\/div>\n\t\t\t\t\t<\/div>\n\t\t<\/div>\n\t\t\t\t\t<\/div>\n\t\t<\/section>\n\t\t\t\t\t<\/div>\n\t\t<\/div>\n\t\t\t\t<div class=\"elementor-column elementor-col-50 elementor-top-column elementor-element elementor-element-2e2ff5c\" data-id=\"2e2ff5c\" data-element_type=\"column\" data-settings=\"{&quot;background_background&quot;:&quot;classic&quot;}\">\n\t\t\t<div class=\"elementor-widget-wrap elementor-element-populated\">\n\t\t\t\t\t<div class=\"elementor-background-overlay\"><\/div>\n\t\t\t\t\t\t<section class=\"elementor-section elementor-inner-section elementor-element elementor-element-45ec0cd elementor-section-content-middle elementor-section-boxed elementor-section-height-default elementor-section-height-default wpr-particle-no wpr-jarallax-no wpr-parallax-no wpr-sticky-section-no\" data-id=\"45ec0cd\" data-element_type=\"section\" data-settings=\"{&quot;background_background&quot;:&quot;classic&quot;}\">\n\t\t\t\t\t\t<div class=\"elementor-container elementor-column-gap-default\">\n\t\t\t\t\t<div class=\"elementor-column elementor-col-50 elementor-inner-column elementor-element elementor-element-8fd9d7c\" data-id=\"8fd9d7c\" data-element_type=\"column\">\n\t\t\t<div class=\"elementor-widget-wrap elementor-element-populated\">\n\t\t\t\t\t\t<div class=\"elementor-element elementor-element-bd3f2ee elementor-widget__width-initial elementor-widget elementor-widget-image-box\" data-id=\"bd3f2ee\" data-element_type=\"widget\" data-widget_type=\"image-box.default\">\n\t\t\t\t<div class=\"elementor-widget-container\">\n\t\t\t\t\t<div class=\"elementor-image-box-wrapper\"><div class=\"elementor-image-box-content\"><h3 class=\"elementor-image-box-title\">\u201cCon tu apoyo, hacemos lo imposible.\u201d<\/h3><p class=\"elementor-image-box-description\">\n<\/p><\/div><\/div>\t\t\t\t<\/div>\n\t\t\t\t<\/div>\n\t\t\t\t\t<\/div>\n\t\t<\/div>\n\t\t\t\t<div class=\"elementor-column elementor-col-50 elementor-inner-column elementor-element elementor-element-528090c\" data-id=\"528090c\" data-element_type=\"column\">\n\t\t\t<div class=\"elementor-widget-wrap\">\n\t\t\t\t\t\t\t<\/div>\n\t\t<\/div>\n\t\t\t\t\t<\/div>\n\t\t<\/section>\n\t\t\t\t\t<\/div>\n\t\t<\/div>\n\t\t\t\t\t<\/div>\n\t\t<\/section>\n\t\t\t\t<\/div>\n\t\t","protected":false},"excerpt":{"rendered":"<p>H\u00e1z una donaci\u00f3n Tu apoyo puede marcar la diferencia en la vida de muchas personas. \u00a1Invol\u00facrate y ayuda a construir un futuro mejor \u201cUn peque\u00f1o gesto puede tener un gran impacto.\u201d Para donaciones, los detalles de nuestra cuenta bancaria son: PhilanthropieGroup e.V.IBAN: DE95 6009 0100 0759 9570 02BIC: VOBADESS Si vives en Alemania y nos proporcionas tu direcci\u00f3n en la transacci\u00f3n bancaria, podemos enviarte una confirmaci\u00f3n de donaci\u00f3n para que la deduzcas de tus\u00a0 impuestos. \u00a1Gracias por su apoyo y generosidad! DONAR \u201cCon tu apoyo, hacemos lo imposible.\u201d<\/p>\n","protected":false},"author":1,"featured_media":0,"parent":0,"menu_order":0,"comment_status":"closed","ping_status":"closed","template":"","meta":{"site-sidebar-layout":"no-sidebar","site-content-layout":"page-builder","ast-site-content-layout":"full-width-container","site-content-style":"default","site-sidebar-style":"default","ast-global-header-display":"","ast-banner-title-visibility":"","ast-main-header-display":"","ast-hfb-above-header-display":"","ast-hfb-below-header-display":"","ast-hfb-mobile-header-display":"","site-post-title":"disabled","ast-breadcrumbs-content":"","ast-featured-img":"disabled","footer-sml-layout":"","theme-transparent-header-meta":"","adv-header-id-meta":"","stick-header-meta":"","header-above-stick-meta":"","header-main-stick-meta":"","header-below-stick-meta":"","astra-migrate-meta-layouts":"set","ast-page-background-enabled":"default","ast-page-background-meta":{"desktop":{"background-color":"","background-image":"","background-repeat":"repeat","background-position":"center center","background-size":"auto","background-attachment":"scroll","background-type":"","background-media":"","overlay-type":"","overlay-color":"","overlay-opacity":"","overlay-gradient":""},"tablet":{"background-color":"","background-image":"","background-repeat":"repeat","background-position":"center center","background-size":"auto","background-attachment":"scroll","background-type":"","background-media":"","overlay-type":"","overlay-color":"","overlay-opacity":"","overlay-gradient":""},"mobile":{"background-color":"","background-image":"","background-repeat":"repeat","background-position":"center center","background-size":"auto","background-attachment":"scroll","background-type":"","background-media":"","overlay-type":"","overlay-color":"","overlay-opacity":"","overlay-gradient":""}},"ast-content-background-meta":{"desktop":{"background-color":"var(--ast-global-color-5)","background-image":"","background-repeat":"repeat","background-position":"center center","background-size":"auto","background-attachment":"scroll","background-type":"","background-media":"","overlay-type":"","overlay-color":"","overlay-opacity":"","overlay-gradient":""},"tablet":{"background-color":"var(--ast-global-color-5)","background-image":"","background-repeat":"repeat","background-position":"center center","background-size":"auto","background-attachment":"scroll","background-type":"","background-media":"","overlay-type":"","overlay-color":"","overlay-opacity":"","overlay-gradient":""},"mobile":{"background-color":"var(--ast-global-color-5)","background-image":"","background-repeat":"repeat","background-position":"center center","background-size":"auto","background-attachment":"scroll","background-type":"","background-media":"","overlay-type":"","overlay-color":"","overlay-opacity":"","overlay-gradient":""}},"footnotes":""},"class_list":["post-3459","page","type-page","status-publish","hentry"],"_links":{"self":[{"href":"https:\/\/philanthropiegroup.com\/de\/wp-json\/wp\/v2\/pages\/3459","targetHints":{"allow":["GET"]}}],"collection":[{"href":"https:\/\/philanthropiegroup.com\/de\/wp-json\/wp\/v2\/pages"}],"about":[{"href":"https:\/\/philanthropiegroup.com\/de\/wp-json\/wp\/v2\/types\/page"}],"author":[{"embeddable":true,"href":"https:\/\/philanthropiegroup.com\/de\/wp-json\/wp\/v2\/users\/1"}],"replies":[{"embeddable":true,"href":"https:\/\/philanthropiegroup.com\/de\/wp-json\/wp\/v2\/comments?post=3459"}],"version-history":[{"count":34,"href":"https:\/\/philanthropiegroup.com\/de\/wp-json\/wp\/v2\/pages\/3459\/revisions"}],"predecessor-version":[{"id":4203,"href":"https:\/\/philanthropiegroup.com\/de\/wp-json\/wp\/v2\/pages\/3459\/revisions\/4203"}],"wp:attachment":[{"href":"https:\/\/philanthropiegroup.com\/de\/wp-json\/wp\/v2\/media?parent=3459"}],"curies":[{"name":"wp","href":"https:\/\/api.w.org\/{rel}","templated":true}]}}